{"id":55,"date":"2016-06-13T15:48:45","date_gmt":"2016-06-13T15:48:45","guid":{"rendered":"https:\/\/sw-themes.com\/porto_dummy\/?page_id=55"},"modified":"2021-01-14T15:05:07","modified_gmt":"2021-01-14T12:05:07","slug":"about-us","status":"publish","type":"page","link":"https:\/\/www.isokalite.org\/?page_id=55","title":{"rendered":"Hakk\u0131m\u0131zda"},"content":{"rendered":"<p>[vc_row wrap_container=&#8221;yes&#8221; css=&#8221;.vc_custom_1519804692056{padding-top: 30px !important;padding-bottom: 30px !important;}&#8221;][vc_column]<div class=\"porto-u-heading\" data-hspacer=\"no_spacer\" data-halign=\"left\" style=\"text-align:left\"><div class=\"porto-u-main-heading\"><h2 style=\"font-weight:700;color:#21293c;font-size:19px;\">HAKKIMIZDA<\/h2><\/div><\/div>[vc_column_text]Kurulu\u015f felsefemiz; \u00fclkemizde \u00fcretim ve hizmet sekt\u00f6r\u00fcnde faaliyet g\u00f6steren firmalar\u0131 kalite,\u00a0standardizasyon, belgelendirme, test ve \u00f6l\u00e7\u00fcm g\u00fcvenirli\u011fi alanlar\u0131nda Avrupa standartlar\u0131na uygun\u00a0hale getirme olgusudur.<\/p>\n<p><strong>ISOKALITE <\/strong>olarak; firmalar\u0131n rekabet g\u00fcc\u00fcn\u00fc art\u0131rmalar\u0131 i\u00e7in kalite sistemlerinin\u00a0kurulmas\u0131na yard\u0131mc\u0131 olmak, spesifik e\u011fitim ihtiya\u00e7lar\u0131n\u0131 kar\u015f\u0131lamak, Avrupa Birli\u011fi Direktifleri\u00a0ve standartlar\u0131 hakk\u0131nda g\u00fcncel bilgileri sunarak Avrupa birli\u011fi taraf\u0131ndan \u00fcr\u00fcnlerden talep edilen\u00a0i\u015faretleme ve belgelerin temin edilmesini sa\u011flay\u0131c\u0131 teknik destek ve dan\u0131\u015fmanl\u0131k hizmeti\u00a0vermeyi ilke edindik. Firmam\u0131z b\u00fcnyesinde bulunan deneyimli, konusunda uzman m\u00fchendis,\u00a0tekniker ve ba\u015f denet\u00e7ilerle siz de\u011ferli m\u00fc\u015fterilerimize kaliteli, h\u0131zl\u0131 ve g\u00fcvenilir hizmet vererek\u00a0de\u011fer kataca\u011f\u0131m\u0131za inan\u0131yoruz.[\/vc_column_text][\/vc_column][\/vc_row]<\/p>\n","protected":false},"excerpt":{"rendered":"<p>[vc_row wrap_container=&#8221;yes&#8221; css=&#8221;.vc_custom_1519804692056{padding-top: 30px !important;padding-bottom: 30px !important;}&#8221;][vc_column][vc_column_text]Kurulu\u015f felsefemiz; \u00fclkemizde \u00fcretim ve hizmet sekt\u00f6r\u00fcnde faaliyet g\u00f6steren firmalar\u0131 kalite,\u00a0standardizasyon, belgelendirme, test ve \u00f6l\u00e7\u00fcm g\u00fcvenirli\u011fi alanlar\u0131nda Avrupa standartlar\u0131na uygun\u00a0hale getirme olgusudur. ISOKALITE olarak; firmalar\u0131n rekabet g\u00fcc\u00fcn\u00fc art\u0131rmalar\u0131 i\u00e7in kalite sistemlerinin\u00a0kurulmas\u0131na yard\u0131mc\u0131 olmak, spesifik e\u011fitim ihtiya\u00e7lar\u0131n\u0131 kar\u015f\u0131lamak, Avrupa Birli\u011fi Direktifleri\u00a0ve standartlar\u0131 hakk\u0131nda g\u00fcncel bilgileri sunarak Avrupa birli\u011fi taraf\u0131ndan \u00fcr\u00fcnlerden [&hellip;]<\/p>\n","protected":false},"author":1,"featured_media":0,"parent":0,"menu_order":0,"comment_status":"closed","ping_status":"closed","template":"","meta":[],"_links":{"self":[{"href":"https:\/\/www.isokalite.org\/index.php?rest_route=\/wp\/v2\/pages\/55"}],"collection":[{"href":"https:\/\/www.isokalite.org\/index.php?rest_route=\/wp\/v2\/pages"}],"about":[{"href":"https:\/\/www.isokalite.org\/index.php?rest_route=\/wp\/v2\/types\/page"}],"author":[{"embeddable":true,"href":"https:\/\/www.isokalite.org\/index.php?rest_route=\/wp\/v2\/users\/1"}],"replies":[{"embeddable":true,"href":"https:\/\/www.isokalite.org\/index.php?rest_route=%2Fwp%2Fv2%2Fcomments&post=55"}],"version-history":[{"count":2,"href":"https:\/\/www.isokalite.org\/index.php?rest_route=\/wp\/v2\/pages\/55\/revisions"}],"predecessor-version":[{"id":2635,"href":"https:\/\/www.isokalite.org\/index.php?rest_route=\/wp\/v2\/pages\/55\/revisions\/2635"}],"wp:attachment":[{"href":"https:\/\/www.isokalite.org\/index.php?rest_route=%2Fwp%2Fv2%2Fmedia&parent=55"}],"curies":[{"name":"wp","href":"https:\/\/api.w.org\/{rel}","templated":true}]}}