{"id":1272,"date":"2018-02-23T03:46:28","date_gmt":"2018-02-23T03:46:28","guid":{"rendered":"https:\/\/sw-themes.com\/porto_dummy\/?post_type=product&#038;p=1272"},"modified":"2024-06-07T01:46:17","modified_gmt":"2024-06-06T22:46:17","slug":"markatescil","status":"publish","type":"product","link":"https:\/\/www.isokalite.org\/?product=markatescil","title":{"rendered":"Marka Tescil Hizmeti"},"content":{"rendered":"<h2><strong>Marka Tescili Nedir?<\/strong><\/h2>\n<p>Bir i\u015fletmenin \u00fcretti\u011fi mal ya da hizmeti di\u011fer i\u015fletmelere ait mal ya da hizmetlerden ayr\u0131lmas\u0131n\u0131 sa\u011flayan i\u015farete marka denir. Bu i\u015faretin yasal olarak korunmas\u0131 haline ise marka tescili ad\u0131 verilir. Yani, marka tescili i\u015fletmeler i\u00e7in avantaj sa\u011flayan \u00f6nemli bir kavramd\u0131r.<\/p>\n","protected":false},"excerpt":{"rendered":"<p>Bir i\u015fletmenin \u00fcretti\u011fi mal ya da hizmeti di\u011fer i\u015fletmelere ait mal ya da hizmetlerden ayr\u0131lmas\u0131n\u0131 sa\u011flayan i\u015farete marka denir. Bu i\u015faretin yasal olarak korunmas\u0131 haline ise marka tescili ad\u0131 verilir. Yani, marka tescili i\u015fletmeler i\u00e7in avantaj sa\u011flayan \u00f6nemli bir kavramd\u0131r.<\/p>\n","protected":false},"featured_media":2616,"template":"","meta":[],"_links":{"self":[{"href":"https:\/\/www.isokalite.org\/index.php?rest_route=\/wp\/v2\/product\/1272"}],"collection":[{"href":"https:\/\/www.isokalite.org\/index.php?rest_route=\/wp\/v2\/product"}],"about":[{"href":"https:\/\/www.isokalite.org\/index.php?rest_route=\/wp\/v2\/types\/product"}],"wp:featuredmedia":[{"embeddable":true,"href":"https:\/\/www.isokalite.org\/index.php?rest_route=\/wp\/v2\/media\/2616"}],"wp:attachment":[{"href":"https:\/\/www.isokalite.org\/index.php?rest_route=%2Fwp%2Fv2%2Fmedia&parent=1272"}],"curies":[{"name":"wp","href":"https:\/\/api.w.org\/{rel}","templated":true}]}}