{"id":1312,"date":"2018-02-25T03:06:08","date_gmt":"2018-02-25T03:06:08","guid":{"rendered":"https:\/\/sw-themes.com\/porto_dummy\/?post_type=product&#038;p=1312"},"modified":"2024-06-07T01:46:07","modified_gmt":"2024-06-06T22:46:07","slug":"iso22000","status":"publish","type":"product","link":"https:\/\/www.isokalite.org\/?product=iso22000","title":{"rendered":"ISO 22000 Belgelendirme Hizmeti"},"content":{"rendered":"<p>G\u00fcn\u00fcm\u00fczde g\u00fcvenli g\u0131da \u00fcretimi i\u00e7in hammaddeler, katk\u0131lar, yard\u0131mc\u0131 di\u011fer maddeler ve ambalaj malzemelerinin \u00fcretiminden ba\u015flayarak tedarik\u00e7ilerin se\u00e7imi ve de\u011ferlendirmesini, i\u015fletmeye kabul\u00fcn\u00fc, \u00fcretim a\u015famalar\u0131n\u0131, son muhafaza ve sevkiyat dahil olmak \u00fczere kontrol alt\u0131nda tutan bir yakla\u015f\u0131m\u0131n gereklili\u011fi ortaya \u00e7\u0131km\u0131\u015ft\u0131r.<\/p>\n","protected":false},"excerpt":{"rendered":"<p>ISO 22000 G\u0131da zinciri boyunca mevcut ve potansiyel tehlikelerin analiz edilerek belirlenmesi, kontrol noktalar\u0131n\u0131n ve \u00f6nlemlerinin belirlenmesi, sistemin uygulanmas\u0131, izlenmesi, sonu\u00e7lar\u0131n\u0131n de\u011ferlendirilmesi ve analizini, sistemin iyile\u015ftirilmesini i\u00e7 ve d\u0131\u015f \u015fartlardaki de\u011fi\u015fiklikler do\u011frultusunda g\u00fcncellenmesini \u015fart ko\u015far. HACCP standartlar\u0131 genel olarak g\u0131da \u00fcreticileri taraf\u0131ndan kullan\u0131lmaktad\u0131r; ISO 22000 g\u0131da \u00fcreticileri yan\u0131nda hammadde tedarik\u00e7ileri, hayvan yem \u00fcreticileri, g\u0131daya temas eden ambalaj \u00fcreticileri, g\u0131da sekt\u00f6r\u00fcne y\u00f6nelik temizlik kimyasallar\u0131 \u00fcreticileri, g\u0131da nakliyecileri, g\u0131da depolar\u0131, g\u0131da makine \u00fcreticileri gibi sekt\u00f6rleri i\u00e7eren malzeme, ekipman, kimyasal tedarik\u00e7ileri ile depolama ve ta\u015f\u0131ma hizmeti veren g\u0131da sekt\u00f6r\u00fc tedarik\u00e7i firmalar\u0131 taraf\u0131ndan da belgelendirme ama\u00e7l\u0131 kullan\u0131l\u0131r. G\u0131da Zinciri: G\u0131da maddelerinin \u00fcretiminde hammaddeden ba\u015flayarak haz\u0131rlama, i\u015fleme, imalat, ambalajlama, depolama, ta\u015f\u0131ma, da\u011f\u0131t\u0131m ve piyasaya arz a\u015famalar\u0131n\u0131n t\u00fcm\u00fcne verilen isim.<\/p>\n","protected":false},"featured_media":2594,"template":"","meta":[],"_links":{"self":[{"href":"https:\/\/www.isokalite.org\/index.php?rest_route=\/wp\/v2\/product\/1312"}],"collection":[{"href":"https:\/\/www.isokalite.org\/index.php?rest_route=\/wp\/v2\/product"}],"about":[{"href":"https:\/\/www.isokalite.org\/index.php?rest_route=\/wp\/v2\/types\/product"}],"wp:featuredmedia":[{"embeddable":true,"href":"https:\/\/www.isokalite.org\/index.php?rest_route=\/wp\/v2\/media\/2594"}],"wp:attachment":[{"href":"https:\/\/www.isokalite.org\/index.php?rest_route=%2Fwp%2Fv2%2Fmedia&parent=1312"}],"curies":[{"name":"wp","href":"https:\/\/api.w.org\/{rel}","templated":true}]}}