{"id":1322,"date":"2018-02-25T05:19:12","date_gmt":"2018-02-25T05:19:12","guid":{"rendered":"https:\/\/sw-themes.com\/porto_dummy\/?post_type=product&#038;p=1322"},"modified":"2024-06-07T01:44:02","modified_gmt":"2024-06-06T22:44:02","slug":"ohsas18001","status":"publish","type":"product","link":"https:\/\/www.isokalite.org\/?product=ohsas18001","title":{"rendered":"ISO 45001 Belgelendirme Hizmeti"},"content":{"rendered":"<p>ISO 45001 Standard\u0131, \u00c7al\u0131\u015fanlar\u0131n can g\u00fcvenli\u011fini ve sa\u011fl\u0131\u011f\u0131n\u0131 tehdit edebilecek risklerin belirlenmesi, kontrol alt\u0131na al\u0131nmas\u0131, minimim seviyeye indirilmesi ve m\u00fcmk\u00fcn ise ortadan kald\u0131r\u0131lmas\u0131 i\u00e7in uygulamada bir rehber \u00f6zelli\u011fi ta\u015f\u0131r. \u0130\u015fletmelerde kar\u015f\u0131la\u015f\u0131lan en \u00f6nemli insan kaynaklar\u0131 sorunlar\u0131ndan biri, \u00e7al\u0131\u015fanlar\u0131n emniyetli ve sa\u011fl\u0131kl\u0131 bir \u00e7al\u0131\u015fma ortam\u0131na sahip olmamalar\u0131d\u0131r. \u0130\u015fletmelerin daha iyi rekabet ko\u015fullar\u0131na ula\u015fabilmesi i\u00e7in \u00e7al\u0131\u015fanlar\u0131n i\u015f sa\u011fl\u0131\u011f\u0131 ve g\u00fcvenli\u011fi konusunda planl\u0131 ve sistemli \u00e7al\u0131\u015fmalar y\u00fcr\u00fctmeleri gerekmektedir. ISO 9001 ve ISO 14001 gibi standartlar kalite ve \u00e7evre y\u00f6netimleri \u00fczerine yo\u011funla\u015fm\u0131\u015f, dolay\u0131s\u0131yla i\u015fletmelerde \u0130\u015f Sa\u011fl\u0131\u011f\u0131 ve G\u00fcvenli\u011finin sa\u011flanmas\u0131 ve s\u00fcrekli iyile\u015ftirilerek korunabilmesi i\u00e7in ayr\u0131 bir standarda gereksinim duyulmu\u015ftur. Avrupa Birli\u011fi ile entegrasyonda da en \u00f6nemli konulardan olan \u0130\u015f Sa\u011fl\u0131\u011f\u0131 ve G\u00fcvenli\u011fi ayr\u0131ca \u00c7al\u0131\u015fma Kanununda da yakla\u015f\u0131k olarak bu standard\u0131n b\u00fct\u00fcn isteklerini i\u00e7ermektedir. Kurulu\u015flarda kar\u015f\u0131la\u015f\u0131lan en \u00f6nemli insan kaynaklar\u0131 sorunlar\u0131ndan biri, \u00e7al\u0131\u015fanlar\u0131n emniyetli ve sa\u011fl\u0131kl\u0131 bir \u00e7al\u0131\u015fma ortam\u0131na sahip olmamalar\u0131d\u0131r. Kurulu\u015flar\u0131n daha iyi rekabet ko\u015fullar\u0131na ula\u015fabilmesi i\u00e7in \u00e7al\u0131\u015fanlar\u0131n i\u015f sa\u011fl\u0131\u011f\u0131 ve g\u00fcvenli\u011fi konusunda planl\u0131 ve sistemli \u00e7al\u0131\u015fmalar y\u00fcr\u00fctmeleri gerekmektedir.<\/p>\n","protected":false},"excerpt":{"rendered":"<p>OHSAS 18001 Standard\u0131, \u00c7al\u0131\u015fanlar\u0131n can g\u00fcvenli\u011fini ve sa\u011fl\u0131\u011f\u0131n\u0131 tehdit edebilecek risklerin belirlenmesi, kontrol alt\u0131na al\u0131nmas\u0131, minimim seviyeye indirilmesi ve m\u00fcmk\u00fcn ise ortadan kald\u0131r\u0131lmas\u0131 i\u00e7in uygulamada bir rehber \u00f6zelli\u011fi ta\u015f\u0131r. \u0130\u015fletmelerde kar\u015f\u0131la\u015f\u0131lan en \u00f6nemli insan kaynaklar\u0131 sorunlar\u0131ndan biri, \u00e7al\u0131\u015fanlar\u0131n emniyetli ve sa\u011fl\u0131kl\u0131 bir \u00e7al\u0131\u015fma ortam\u0131na sahip olmamalar\u0131d\u0131r. \u0130\u015fletmelerin daha iyi rekabet ko\u015fullar\u0131na ula\u015fabilmesi i\u00e7in \u00e7al\u0131\u015fanlar\u0131n i\u015f sa\u011fl\u0131\u011f\u0131 ve g\u00fcvenli\u011fi konusunda planl\u0131 ve sistemli \u00e7al\u0131\u015fmalar y\u00fcr\u00fctmeleri gerekmektedir. ISO 9001 ve ISO 14001 gibi standartlar kalite ve \u00e7evre y\u00f6netimleri \u00fczerine yo\u011funla\u015fm\u0131\u015f, dolay\u0131s\u0131yla i\u015fletmelerde \u0130\u015f Sa\u011fl\u0131\u011f\u0131 ve G\u00fcvenli\u011finin sa\u011flanmas\u0131 ve s\u00fcrekli iyile\u015ftirilerek korunabilmesi i\u00e7in ayr\u0131 bir standarda gereksinim duyulmu\u015ftur. Avrupa Birli\u011fi ile entegrasyonda da en \u00f6nemli konulardan olan \u0130\u015f Sa\u011fl\u0131\u011f\u0131 ve G\u00fcvenli\u011fi ayr\u0131ca \u00c7al\u0131\u015fma Kanununda da yakla\u015f\u0131k olarak bu standard\u0131n b\u00fct\u00fcn isteklerini i\u00e7ermektedir. Kurulu\u015flarda kar\u015f\u0131la\u015f\u0131lan en \u00f6nemli insan kaynaklar\u0131 sorunlar\u0131ndan biri, \u00e7al\u0131\u015fanlar\u0131n emniyetli ve sa\u011fl\u0131kl\u0131 bir \u00e7al\u0131\u015fma ortam\u0131na sahip olmamalar\u0131d\u0131r. Kurulu\u015flar\u0131n daha iyi rekabet ko\u015fullar\u0131na ula\u015fabilmesi i\u00e7in \u00e7al\u0131\u015fanlar\u0131n i\u015f sa\u011fl\u0131\u011f\u0131 ve g\u00fcvenli\u011fi konusunda planl\u0131 ve sistemli \u00e7al\u0131\u015fmalar y\u00fcr\u00fctmeleri gerekmektedir. OHSAS 18001, BSI (British standarts Institute) taraf\u0131ndan yay\u0131nlanm\u0131\u015f olan \u201c\u0130\u015f Sa\u011fl\u0131\u011f\u0131 ve G\u00fcvenli\u011fi\u201d standard\u0131d\u0131r. OHSAS 18001; ISO 9000 ve ISO 14000 gibi di\u011fer uluslararas\u0131 standartlardan farkl\u0131 olarak baz\u0131 ulusal standart kurulu\u015flar\u0131 ve belgelendirme kurulu\u015flar\u0131n\u0131n birlikte \u00e7al\u0131\u015fmas\u0131yla ger\u00e7ekle\u015ftirilmi\u015ftir ve bir ISO standard\u0131 de\u011fildir. OHSAS 18001 kurulu\u015flar\u0131n \u00fcr\u00fcn ve hizmetlerinin g\u00fcvenli\u011finden \u00e7ok \u00e7al\u0131\u015fan\u0131n sa\u011fl\u0131\u011f\u0131na ve i\u015fin g\u00fcvenli\u011fine y\u00f6nelik bir standartt\u0131r .<\/p>\n","protected":false},"featured_media":2528,"template":"","meta":[],"_links":{"self":[{"href":"https:\/\/www.isokalite.org\/index.php?rest_route=\/wp\/v2\/product\/1322"}],"collection":[{"href":"https:\/\/www.isokalite.org\/index.php?rest_route=\/wp\/v2\/product"}],"about":[{"href":"https:\/\/www.isokalite.org\/index.php?rest_route=\/wp\/v2\/types\/product"}],"wp:featuredmedia":[{"embeddable":true,"href":"https:\/\/www.isokalite.org\/index.php?rest_route=\/wp\/v2\/media\/2528"}],"wp:attachment":[{"href":"https:\/\/www.isokalite.org\/index.php?rest_route=%2Fwp%2Fv2%2Fmedia&parent=1322"}],"curies":[{"name":"wp","href":"https:\/\/api.w.org\/{rel}","templated":true}]}}