{"id":1328,"date":"2018-02-25T05:52:57","date_gmt":"2018-02-25T05:52:57","guid":{"rendered":"https:\/\/sw-themes.com\/porto_dummy\/?post_type=product&#038;p=1328"},"modified":"2024-12-27T14:59:04","modified_gmt":"2024-12-27T11:59:04","slug":"cebelgesi","status":"publish","type":"product","link":"https:\/\/www.isokalite.org\/?product=cebelgesi","title":{"rendered":"CE Belgelendirme"},"content":{"rendered":"<p>CE i\u015fareti, \u00fcr\u00fcn\u00fcn Avrupa \u00fcr\u00fcn mevzuatlar\u0131na uygunlu\u011funu g\u00f6sterir. CE i\u015fareti \u2018Conformite European\u2019 kelimelerinin k\u0131salt\u0131lmas\u0131d\u0131r ve literat\u00fcrdeki anlam\u0131 \u2018European Conformity\u2019, Avrupa Normlar\u0131na Uygunluktur. CE i\u015fareti, bir \u00fcr\u00fcn ya da \u00fcr\u00fcn grubunun, Avrupa Birli\u011fi\u2019nin sa\u011fl\u0131k, g\u00fcvenlik, \u00e7evre ve t\u00fcketicinin korunmas\u0131 konusunda olu\u015fturmu\u015f oldu\u011fu, \u201c\u00fcr\u00fcn direktifleri\u201d olarak an\u0131lan temel gerekliliklere uygun oldu\u011funu g\u00f6sterir. CE i\u015fareti, ta\u015f\u0131mayan \u00fcr\u00fcnler, Avrupa Birli\u011fi \u00fclkelerine giremez, bu nedenle CE i\u015fareti, \u00fcr\u00fcnlerin Avrupa Birli\u011fi i\u00e7 pazar\u0131nda serbest\u00e7e dola\u015f\u0131m\u0131na olanak veren bir \u201cEnd\u00fcstriyel \u00fcr\u00fcn pasaportu\u201d olarak tan\u0131mlanabilir.<\/p>\n","protected":false},"excerpt":{"rendered":"<p><strong>CE M<\/strong><strong>arkas\u0131 (Confor<\/strong><strong>mity European)<\/strong><\/p>\n<p>CE i\u015fareti, \u00fcr\u00fcn\u00fcn Avrupa \u00fcr\u00fcn mevzuatlar\u0131na uygunlu\u011funu g\u00f6sterir. CE i\u015fareti \u2018Conformite European\u2019 kelimelerinin k\u0131salt\u0131lmas\u0131d\u0131r ve literat\u00fcrdeki anlam\u0131 \u2018European Conformity\u2019, Avrupa Normlar\u0131na Uygunluktur.<\/p>\n","protected":false},"featured_media":2521,"template":"","meta":[],"_links":{"self":[{"href":"https:\/\/www.isokalite.org\/index.php?rest_route=\/wp\/v2\/product\/1328"}],"collection":[{"href":"https:\/\/www.isokalite.org\/index.php?rest_route=\/wp\/v2\/product"}],"about":[{"href":"https:\/\/www.isokalite.org\/index.php?rest_route=\/wp\/v2\/types\/product"}],"wp:featuredmedia":[{"embeddable":true,"href":"https:\/\/www.isokalite.org\/index.php?rest_route=\/wp\/v2\/media\/2521"}],"wp:attachment":[{"href":"https:\/\/www.isokalite.org\/index.php?rest_route=%2Fwp%2Fv2%2Fmedia&parent=1328"}],"curies":[{"name":"wp","href":"https:\/\/api.w.org\/{rel}","templated":true}]}}