{"id":2727,"date":"2022-09-09T01:07:26","date_gmt":"2022-09-08T22:07:26","guid":{"rendered":"https:\/\/www.isokalite.org\/?post_type=product&#038;p=2727"},"modified":"2024-06-22T13:35:49","modified_gmt":"2024-06-22T10:35:49","slug":"websitesi","status":"publish","type":"product","link":"https:\/\/www.isokalite.org\/?product=websitesi","title":{"rendered":"Web Sitesi Hizmeti"},"content":{"rendered":"<p>[vc_row el_class=&#8221;m-b-md&#8221;][vc_column][vc_column_text]Lorem ipsum dolor sit amet, consectetur adipiscing elit, sed do eiusmod tempor incididunt ut labore et dolore magna aliqua. Ut enim ad minim veniam, nostrud ipsum consectetur sed do, quis nostrud exercitation ullamco laboris nisi ut aliquip ex ea commodo consequat. Duis aute irure dolor in reprehenderit in voluptate velit esse cillum dolore eu fugiat nulla pariatur. Excepteur sint occaecat.[\/vc_column_text][\/vc_column][\/vc_row][vc_row el_class=&#8221;m-b-md&#8221; css=&#8221;.vc_custom_1511248807031{padding-left: 40px !important;}&#8221;][vc_column]<style>#porto-info-list182408113769ee1e76f34c5 i { color: #21293c;font-size: 16px; }<\/style><ul id=\"porto-info-list182408113769ee1e76f34c5\" class=\"porto-info-list \"><li class=\"porto-info-list-item\"><i class=\"porto-info-icon fa fa-check-circle\"><\/i><div class=\"porto-info-list-item-desc\"font-size: 14px; style=\"font-size: 14px;\">Any Product types that You want &#8211; Simple, Configurable<\/div><\/li><li class=\"porto-info-list-item\"><i class=\"porto-info-icon fa fa-check-circle\"><\/i><div class=\"porto-info-list-item-desc\"font-size: 14px; style=\"font-size: 14px;\">Downloadable\/Digital Products, Virtual Products<\/div><\/li><li class=\"porto-info-list-item\"><i class=\"porto-info-icon fa fa-check-circle\"><\/i><div class=\"porto-info-list-item-desc\"font-size: 14px; style=\"font-size: 14px;\">Inventory Management with Backordered items<\/div><\/li><\/ul>[\/vc_column][\/vc_row][vc_row][vc_column][vc_column_text]Sed do eiusmod tempor incididunt ut labore et dolore magna aliqua. Ut enim ad minim veniam, quis nostrud exercitation ullamco laboris nisi ut aliquip ex ea commodo consequat. Sed do eiusmod tempor incididunt ut labore et dolore magna aliqua. Ut enim ad minim veniam, quis nostrud exercitation ullamco laboris nisi ut aliquip ex ea commodo consequat. Sed do eiusmod tempor incididunt ut labore et dolore magna aliqua. Ut enim ad minim veniam, quis nostrud exercitation ullamco laboris nisi ut aliquip ex ea commodo consequat.[\/vc_column_text][\/vc_column][\/vc_row]<\/p>\n","protected":false},"excerpt":{"rendered":"<div>\n<div class=\"css-1ee2d97 css-1ba19o6\">\n<h4>Teknik olarak web sitesi nedir?<\/h4>\n<h5><strong>Bir web sitesi, ortak bir domainle birbirine ba\u011flanan ve web sunucular\u0131nda g\u00f6r\u00fcnt\u00fclenen bir dizi web sayfas\u0131 anlam\u0131n\u0131 ta\u015f\u0131r. Asl\u0131nda bir web sitesi, web&#8217;de yay\u0131mlamak istedi\u011finiz t\u00fcm bilgilerin evi olarak da tan\u0131mlanabilir. \u0130nternet sitenizdeki bilgiler genellikle birle\u015fik bir hikayeyi anlatmak i\u00e7in bir araya gelen metin, resim, video ve ikonlar\u0131n kombinasyonundan olu\u015fur.Bu i\u00e7eri\u011fin tamam\u0131, web sunucular\u0131n\u0131n okuyabildi\u011fi ve ilgili bilgileri g\u00f6r\u00fcnt\u00fclemek i\u00e7in kullanabildi\u011fi bir i\u015faretleme dili olan HTML yard\u0131m\u0131yla siteye eklenir. G\u00fcn\u00fcm\u00fczde, Wix gibi herkesin site kurmas\u0131na olanak tan\u0131yan site kurucularla bir\u00e7ok farkl\u0131 web sitesi olu\u015fturulabilir. Bu durum, HTML&#8217;yi ortadan kald\u0131rmaz; daha ziyade bunun, sizin i\u00e7in bir ara\u00e7 taraf\u0131ndan olu\u015fturulaca\u011f\u0131 anlam\u0131na gelir.<\/strong><\/h5>\n<\/div>\n<\/div>\n<div>\n<div class=\"css-1ee2d97 css-1ba19o6\">\n<h4>Web sitelerinin k\u0131sa bir tarih\u00e7esi<\/h4>\n<h5>\u0130nternet kavram\u0131 ve bir dizi teknolojik geli\u015fmenin \u00f6nderli\u011finde 1991 y\u0131l\u0131nda bug\u00fcn bildi\u011fimiz ilk web sitesi yay\u0131nland\u0131. Bir bilgisayar uzman\u0131 olan Tim Berners-Lee, d\u00fcnya \u00e7ap\u0131nda a\u011f\u0131n (www) yarat\u0131m\u0131ndan ve HTML belgelerinin web sunucular\u0131yla ileti\u015fimini kolayla\u015ft\u0131rmaktan sorumlu isimdir. Bu ilerlemeler, i\u00e7eriklerin al\u0131\u015ft\u0131\u011f\u0131m\u0131z \u015fekliyle internette g\u00f6r\u00fcnt\u00fclenmesini sa\u011flam\u0131\u015ft\u0131r. O zamandan bu yana, web siteleri olduk\u00e7a geli\u015fti. Sitelerin kurulumu, tasar\u0131m\u0131 ve sunumu i\u00e7in \u00e7e\u015fitli sistemler geldi ve ge\u00e7ti. Bunlar aras\u0131nda belki de en \u00f6nemlisi olan HTML ve CSS&#8217;in devaml\u0131 geli\u015fimi, web sitelerinin ne kadar dinamik olabilece\u011fi konusunda bir devrim yaratt\u0131. Geli\u015fmi\u015f tasar\u0131m \u00f6gelerinin yan\u0131 s\u0131ra, web siteleri art\u0131k insanlar\u0131n internette gezinme bi\u00e7imlerinin s\u00fcrekli de\u011fi\u015fimine uyum sa\u011flamak i\u00e7in duyarl\u0131 \u00f6zelliklere de sahip.<\/h5>\n<\/div>\n<\/div>\n","protected":false},"featured_media":2732,"template":"","meta":[],"_links":{"self":[{"href":"https:\/\/www.isokalite.org\/index.php?rest_route=\/wp\/v2\/product\/2727"}],"collection":[{"href":"https:\/\/www.isokalite.org\/index.php?rest_route=\/wp\/v2\/product"}],"about":[{"href":"https:\/\/www.isokalite.org\/index.php?rest_route=\/wp\/v2\/types\/product"}],"wp:featuredmedia":[{"embeddable":true,"href":"https:\/\/www.isokalite.org\/index.php?rest_route=\/wp\/v2\/media\/2732"}],"wp:attachment":[{"href":"https:\/\/www.isokalite.org\/index.php?rest_route=%2Fwp%2Fv2%2Fmedia&parent=2727"}],"curies":[{"name":"wp","href":"https:\/\/api.w.org\/{rel}","templated":true}]}}